{"id":62,"date":"2015-12-14T14:55:28","date_gmt":"2015-12-14T13:55:28","guid":{"rendered":"http:\/\/www.convencio.at\/wordpress\/?page_id=62"},"modified":"2025-04-04T13:57:47","modified_gmt":"2025-04-04T11:57:47","slug":"kontakt","status":"publish","type":"page","link":"https:\/\/www.convencio.at\/wordpress\/kontakt\/","title":{"rendered":"Kontakt"},"content":{"rendered":"\n\n\t\t\t\t<img loading=\"lazy\" src=\"https:\/\/www.convencio.at\/wordpress\/wp-content\/uploads\/2020\/09\/CONVENCIO_20-09_Websiteupdate-Neue-Linie_Header3.jpg\" alt=\"CONVENCIO_20-09_Websiteupdate-Neue-Linie_Header3\" itemprop=\"image\" height=\"800\" width=\"2500\" title=\"CONVENCIO_20-09_Websiteupdate-Neue-Linie_Header3\" onerror=\"this.style.display='none'\"  \/>\n\t<h3><strong>UNSER VOLLAUSGESTATTETES BACKOFFICE &#8211;<br \/>\n<\/strong>IHRE PERS\u00d6NLICHE VERSICHERUNG VOR ORT<\/h3>\n\t<h4><strong>F\u00dcR ALLES EIN ANSPRECHPARTNER &#8211;<br \/>\nUND NUR NETTE LEUTE, DIE MAN KENNT.<\/strong><\/h4>\nWir sind ihr einziger Ansprechpartner &#8211; vom Vertragsabschluss, u\u0308ber Fragen<br \/>\nund \u00c4nderungen bis hin zur Betreuung im Schadensfall.\nCONVENCIO-Gesch\u00e4ftsfu\u0308hrer Markus Voracek kann aufgrund der Gr\u00f6\u00dfe seines Netzwerkes nicht<br \/>\nnur au\u00dfergew\u00f6hnlich gute Preise anbieten, er und seine Partner sind auch dazu bevollm\u00e4chtigt,<br \/>\nohne externe Gutachter, die Schadensregulierung zu bewilligen. Das erspart unseren Kunden die<br \/>\nanonyme Kommunikation mit unbekannten Personen und auch unangenehme Wartezeiten.\n\t<strong><br \/>\nConvencio Group KG<\/strong><br \/>\nUnterauerstra\u00dfe 1 | 3370 Ybbs\/Donau<br \/>\nB\u00fcro: 07412 &#8211; 53050\u00a0 | Mobil: 0664 &#8211; 530 42 79<br \/>\nMail: <a href=\"mailto:office.convencio@uniqa.at\">office.convencio@uniqa.at<\/a>\n<strong>\u00d6ffnungszeiten<\/strong><br \/>\nMontag &#8211; Freitag: 8:00 &#8211; 16:00 Uhr<br \/>\n<em>(Jeden monatsletzten Arbeitstag 8:00 &#8211; 15:30 Uhr)<\/em>\n\t<iframe src=\"https:\/\/www.google.com\/maps\/embed\/v1\/place?q=Unterauerstr.+1%2C+3370+Ybbs%2C+%C3%96sterreich&#038;key=AIzaSyD09zQ9PNDNNy9TadMuzRV_UsPUoWKntt8\" aria-hidden=\"true\"><\/iframe>\n\t<h4><strong>Gesch\u00e4ftsf\u00fchrung und verkauf<\/strong><\/h4>\n\t\t\t\t<img loading=\"lazy\" src=\"https:\/\/www.convencio.at\/wordpress\/wp-content\/uploads\/2020\/01\/Markus_20-01.jpg\" alt=\"Markus_20-01\" itemprop=\"image\" height=\"800\" width=\"600\" title=\"Markus_20-01\" onerror=\"this.style.display='none'\"  \/>\n<h4>Markus VORACEK<\/h4>\nGesch\u00e4ftsf\u00fchrer CONVENCIO group<br \/>\nUniqa Generalagent\nUnterauerstra\u00dfe 1 | 3370 Ybbs\/Donau<br \/>\nMobil: 0676 &#8211; 721 78 44\nB\u00fcro: 07412 &#8211; 53050 &#8211; 11<br \/>\nB\u00fcro Mobil: 0664 530 42 79<br \/>\nEmail: <a href=\"mailto:lisa.voracek@uniqa.at\">markus.voracek@uniqa.at<\/a>\n\t\t\t\t<img loading=\"lazy\" src=\"https:\/\/www.convencio.at\/wordpress\/wp-content\/uploads\/2020\/01\/Lisa_20-01.jpg\" alt=\"Lisa_20-01\" itemprop=\"image\" height=\"800\" width=\"600\" title=\"Lisa_20-01\" onerror=\"this.style.display='none'\"  \/>\n<h4>LISA VORACEK<\/h4>\nStandort- und Verkaufsleitung<br \/>\nExklusivagentin CONVENCIO group \nUnterauerstra\u00dfe 1 | 3370 Ybbs\/Donau<br \/>\nMobil: 0676 &#8211; 923 92 93\nB\u00fcro: 07412 &#8211; 53050 &#8211; 12<br \/>\nB\u00fcro Mobil: 0664 530 42 79<br \/>\nEmail: <a href=\"mailto:lisa.voracek@uniqa.at\">lisa.voracek@uniqa.at<\/a>\n\t<hr \/>\n\t<h4><strong>Backoffice \/ Kundenservice<br \/>\n<\/strong><\/h4>\n\t\t\t\t<img loading=\"lazy\" src=\"https:\/\/www.convencio.at\/wordpress\/wp-content\/uploads\/2020\/01\/Claudia_20-01.jpg\" alt=\"Claudia_20-01\" itemprop=\"image\" height=\"800\" width=\"600\" title=\"Claudia_20-01\" onerror=\"this.style.display='none'\"  \/>\n<h4>CLAUDIA WURZER<\/h4>\nCONVENCIO group<br \/>\nUnterauerstra\u00dfe 1 | 3370 Ybbs\/Donau<br \/>\nB\u00fcro: 07412 &#8211; 53050 &#8211; 14<br \/>\nFax: 07412 &#8211; 53050 &#8211; 9<br \/>\nEmail: <a href=\"mailto:claudia.wurzer@uniqa.at\">claudia.wurzer@uniqa.at<\/a>\n\t\t\t\t<img loading=\"lazy\" src=\"https:\/\/www.convencio.at\/wordpress\/wp-content\/uploads\/2020\/01\/Birgit_20-01.jpg\" alt=\"Birgit_20-01\" itemprop=\"image\" height=\"800\" width=\"600\" title=\"Birgit_20-01\" onerror=\"this.style.display='none'\"  \/>\n<h4>BIRGIT VORACEK<\/h4>\nCONVENCIO group<br \/>\nUnterauerstra\u00dfe 1 | 3370 Ybbs\/Donau<br \/>\nB\u00fcro: 07412 &#8211; 53050 &#8211; 81<br \/>\nFax: 07412 &#8211; 53050 &#8211; 9<br \/>\nEmail: <a href=\"mailto:birgit.voracek@uniqa.at\">birgit.voracek@uniqa.at<\/a>\n\t<hr \/>\n\t<h4><strong>ZULASSUNG \/ KUNDENSERVICE<br \/>\n<\/strong><\/h4>\n\t\t\t\t<img loading=\"lazy\" src=\"https:\/\/www.convencio.at\/wordpress\/wp-content\/uploads\/2020\/01\/Nicole_20-01.jpg\" alt=\"Nicole_20-01\" itemprop=\"image\" height=\"800\" width=\"600\" title=\"Nicole_20-01\" onerror=\"this.style.display='none'\"  \/>\n<h4>NICOLE WEISS<\/h4>\nCONVENCIO group<br \/>\nUnterauerstra\u00dfe 1 | 3370 Ybbs\/Donau<br \/>\nB\u00fcro: 07412 &#8211; 53050 &#8211; 14<br \/>\nFax: 07412 &#8211; 53050 &#8211; 9<br \/>\nEmail: <a href=\"mailto:nicole.weiss@uniqa.at\">nicole.weiss@uniqa.at<\/a>\n\t\t\t\t<img loading=\"lazy\" src=\"https:\/\/www.convencio.at\/wordpress\/wp-content\/uploads\/2020\/01\/Julia_20-01.jpg\" alt=\"Julia_20-01\" itemprop=\"image\" height=\"800\" width=\"600\" title=\"Julia_20-01\" onerror=\"this.style.display='none'\"  \/>\n<h4>JULIA P\u00d6CKSTEINER<\/h4>\nCONVENCIO group<br \/>\nUnterauerstra\u00dfe 1 | 3370 Ybbs\/Donau<br \/>\nB\u00fcro: 07412 &#8211; 53050 &#8211; 13<br \/>\nFax: 07412 &#8211; 53050 &#8211; 9<br \/>\nEmail: <a href=\"mailto:julia.poecksteiner@uniqa.at\">julia.poecksteiner@uniqa.at<\/a>\n\n","protected":false},"excerpt":{"rendered":"<p>UNSER VOLLAUSGESTATTETES BACKOFFICE &#8211; IHRE PERS\u00d6NLICHE VERSICHERUNG VOR ORT F\u00dcR ALLES EIN ANSPRECHPARTNER &#8211; UND NUR NETTE LEUTE, DIE MAN KENNT. Wir sind ihr einziger Ansprechpartner &#8211; vom Vertragsabschluss, u\u0308ber Fragen und \u00c4nderungen bis hin zur Betreuung im Schadensfall. CONVENCIO-Gesch\u00e4ftsfu\u0308hrer Markus Voracek kann aufgrund der Gr\u00f6\u00dfe seines Netzwerkes nicht nur au\u00dfergew\u00f6hnlich gute Preise anbieten, er&hellip;<\/p>\n","protected":false},"author":1,"featured_media":0,"parent":0,"menu_order":3,"comment_status":"closed","ping_status":"closed","template":"","meta":[],"_links":{"self":[{"href":"https:\/\/www.convencio.at\/wordpress\/wp-json\/wp\/v2\/pages\/62"}],"collection":[{"href":"https:\/\/www.convencio.at\/wordpress\/wp-json\/wp\/v2\/pages"}],"about":[{"href":"https:\/\/www.convencio.at\/wordpress\/wp-json\/wp\/v2\/types\/page"}],"author":[{"embeddable":true,"href":"https:\/\/www.convencio.at\/wordpress\/wp-json\/wp\/v2\/users\/1"}],"replies":[{"embeddable":true,"href":"https:\/\/www.convencio.at\/wordpress\/wp-json\/wp\/v2\/comments?post=62"}],"version-history":[{"count":4,"href":"https:\/\/www.convencio.at\/wordpress\/wp-json\/wp\/v2\/pages\/62\/revisions"}],"predecessor-version":[{"id":714,"href":"https:\/\/www.convencio.at\/wordpress\/wp-json\/wp\/v2\/pages\/62\/revisions\/714"}],"wp:attachment":[{"href":"https:\/\/www.convencio.at\/wordpress\/wp-json\/wp\/v2\/media?parent=62"}],"curies":[{"name":"wp","href":"https:\/\/api.w.org\/{rel}","templated":true}]}}