{"id":275,"date":"2018-05-22T09:16:09","date_gmt":"2018-05-22T07:16:09","guid":{"rendered":"http:\/\/www.convencio.at\/wordpress\/?page_id=275"},"modified":"2021-03-17T07:29:37","modified_gmt":"2021-03-17T06:29:37","slug":"impressum","status":"publish","type":"page","link":"https:\/\/www.convencio.at\/wordpress\/impressum\/","title":{"rendered":"Impressum"},"content":{"rendered":"\n\n\t\nFirmenname: Convencio Group KG<br \/>\nStra\u00dfe: Unterauerstra\u00dfe 1<br \/>\nPLZ\/Ort: 3370 Ybbs an der Donau, \u00d6sterreich<br \/>\nTelefon: +43 (0) 7412 530 50<br \/>\nFax: +43 (0) 7412 530 50 9<br \/>\nE-Mail: <a href=\"mailto:office.convencio@uniqa.at\">office.convencio@uniqa.at<\/a><br \/>\nFirmenbuchnummer: 377461s<br \/>\nGericht: Landesgericht St.P\u00f6lten<br \/>\nRechtsform: Kommandit-Gesellschaft<br \/>\nGisaZahl: 13310493<br \/>\nUID Nr.: ATU67297677\n<p>Gesch\u00e4ftsf\u00fchrender Gesellschafter: Markus Voracek<\/p>\n<p>Informationspflicht gem\u00e4\u00df \u00a7 137f Gewerbeordnung<\/p>\n<p>Eintragung im Vermittlerregister unter 315-12-G-02132.<\/p>\nBeschwerdestelle Bundesministerium f\u00fcr Wirtschaft, Familie und Jugend.<br \/>\n<a href=\"https:\/\/www.bmwfj.gv.at\" target=\"_blank\" rel=\"noopener noreferrer\">www.bmwfj.gv.at<\/a>\n\n<p>Agenturverh\u00e4ltnisse<\/p>\n<p>UNIQA \u00d6sterreich Versicherungen AG<\/p>\n<p>&nbsp;<\/p>\n<strong>Idee, Konzeption und Artwork<\/strong><br \/>\n<a href=\"https:\/\/www.attack.at\" target=\"_blank\" rel=\"noopener noreferrer\">ArtAttack<\/a>\n<p>&nbsp;<\/p>\n<strong>Fotos\/Illustrationen<\/strong><br \/>\n<a href=\"https:\/\/www.shutterstock.com\" target=\"_blank\" rel=\"noopener noreferrer\">Shutterstock<\/a>\n<p>&nbsp;<\/p>\n\n<p>Wir legen gro\u00dfen Wert auf geschlechtliche Gleichberechtigung. Aufgrund der Lesbarkeit der Texte wird bei Bedarf nur eine Geschlechtsform gew\u00e4hlt. Dies impliziert keine Benachteiligung des jeweils anderen Geschlechts. Vorbehaltlich \u00c4nderungen und Irrt\u00fcmer.<\/p>\n<p>&nbsp;<\/p>\n\n<p>Im Hinblick auf die technischen Eigenschaften des Internet kann keine Gew\u00e4hr f\u00fcr die Authentizit\u00e4t, Richtigkeit und Vollst\u00e4ndigkeit der im Internet zur Verf\u00fcgung gestellten Informationen \u00fcbernommen werden. Es wird auch keine Gew\u00e4hr f\u00fcr die Verf\u00fcgbarkeit oder den Betrieb der gegenst\u00e4ndlichen Homepage und ihrer Inhalte \u00fcbernommen.<\/p>\n<p>Jede Haftung f\u00fcr unmittelbare, mittelbare oder sonstige Sch\u00e4den, unabh\u00e4ngig von deren Ursachen, die aus der Benutzung oder Nichtverf\u00fcgbarkeit der Daten und Informationen dieser Homepage erwachsen, wird, soweit rechtlich zul\u00e4ssig, ausgeschlossen.<\/p>\n<p>Der Inhalt dieser Homepage ist urheberrechtlich gesch\u00fctzt. Die Informationen sind nur f\u00fcr die pers\u00f6nliche Verwendung bestimmt. Jede weitergehende Nutzung insbesondere die Speicherung in Datenbanken, Vervielf\u00e4ltigung und jede Form von gewerblicher Nutzung sowie die Weitergabe an Dritte &#8211; auch in Teilen oder in \u00fcberarbeiteter Form &#8211; ohne Zustimmung des Website-Inhabers ist untersagt.<\/p>\n<p>Hyperlinks auf dieses Weblog sind willkommen. Jede Einbindung einzelner Seiten unseres Angebotes in fremde Frames ist zu unterlassen, ebenso das zur Verf\u00fcgung stellen unseres RSS-Feeds auf fremden Seiten.<\/p>\n<p>&nbsp;<\/p>\n\n<p>Dieses Weblog enth\u00e4lt Links zu externen Webseiten Dritter, auf deren Inhalte wir keinen Einfluss haben. Deshalb k\u00f6nnen wir f\u00fcr diese fremden Inhalte auch keine Gew\u00e4hr \u00fcbernehmen. F\u00fcr die Inhalte der verlinkten Seiten ist stets der jeweilige Anbieter oder Betreiber der Seiten verantwortlich. Die verlinkten Seiten wurden zum Zeitpunkt der Verlinkung auf m\u00f6gliche Rechtsverst\u00f6\u00dfe \u00fcberpr\u00fcft. Rechtswidrige Inhalte waren zum Zeitpunkt der Verlinkung nicht erkennbar. Eine permanente inhaltliche Kontrolle der verlinkten Seiten ist jedoch ohne konkrete Anhaltspunkte einer Rechtsverletzung nicht zumutbar. Bei bekannt werden von Rechtsverletzungen werden wir derartige Links umgehend entfernen.<\/p>\n<p>&nbsp;<\/p>\n\n<p>UNIQA News zum Thema Nachhaltigkeit und Informationen, wie UNIQA Nachhaltigkeitsrisiken in den Investitionsentscheidungsprozessen ber\u00fccksichtigt, finden Sie auf der UNIQA Website <a href=\"http:\/\/www.uniqa.at\/\">www.uniqa.at<\/a>. Die wichtigsten nachteiligen Auswirkungen auf Nachhaltigkeitsfaktoren werden bei unseren Anlageberatungen dementsprechend ber\u00fccksichtigt<\/p>\n\n","protected":false},"excerpt":{"rendered":"<p>Firmenname: Convencio Group KG Stra\u00dfe: Unterauerstra\u00dfe 1 PLZ\/Ort: 3370 Ybbs an der Donau, \u00d6sterreich Telefon: +43 (0) 7412 530 50 Fax: +43 (0) 7412 530 50 9 E-Mail: office.convencio@uniqa.at Firmenbuchnummer: 377461s Gericht: Landesgericht St.P\u00f6lten Rechtsform: Kommandit-Gesellschaft GisaZahl: 13310493 UID Nr.: ATU67297677 Gesch\u00e4ftsf\u00fchrender Gesellschafter: Markus Voracek Informationspflicht gem\u00e4\u00df \u00a7 137f Gewerbeordnung Eintragung im Vermittlerregister unter 315-12-G-02132.&hellip;<\/p>\n","protected":false},"author":1,"featured_media":0,"parent":0,"menu_order":3,"comment_status":"closed","ping_status":"closed","template":"","meta":[],"_links":{"self":[{"href":"https:\/\/www.convencio.at\/wordpress\/wp-json\/wp\/v2\/pages\/275"}],"collection":[{"href":"https:\/\/www.convencio.at\/wordpress\/wp-json\/wp\/v2\/pages"}],"about":[{"href":"https:\/\/www.convencio.at\/wordpress\/wp-json\/wp\/v2\/types\/page"}],"author":[{"embeddable":true,"href":"https:\/\/www.convencio.at\/wordpress\/wp-json\/wp\/v2\/users\/1"}],"replies":[{"embeddable":true,"href":"https:\/\/www.convencio.at\/wordpress\/wp-json\/wp\/v2\/comments?post=275"}],"version-history":[{"count":1,"href":"https:\/\/www.convencio.at\/wordpress\/wp-json\/wp\/v2\/pages\/275\/revisions"}],"predecessor-version":[{"id":672,"href":"https:\/\/www.convencio.at\/wordpress\/wp-json\/wp\/v2\/pages\/275\/revisions\/672"}],"wp:attachment":[{"href":"https:\/\/www.convencio.at\/wordpress\/wp-json\/wp\/v2\/media?parent=275"}],"curies":[{"name":"wp","href":"https:\/\/api.w.org\/{rel}","templated":true}]}}